{"id":8948,"date":"2019-05-03T15:42:48","date_gmt":"2019-05-03T13:42:48","guid":{"rendered":"https:\/\/www.bohusov.cz\/penzion-pod-duby\/?page_id=8948"},"modified":"2022-08-10T09:36:47","modified_gmt":"2022-08-10T07:36:47","slug":"penzion-pod-duby","status":"publish","type":"page","link":"https:\/\/www.bohusov.cz\/penzion-pod-duby\/","title":{"rendered":"Penzion pod Duby"},"content":{"rendered":"<p>Na za\u010d\u00e1tku rekrea\u010dn\u00edho are\u00e1lu v\u00a0obci Bohu\u0161ov se nach\u00e1z\u00ed Penzion Pod Duby. Je um\u00edst\u011bn v\u00a0kr\u00e1sn\u00e9m p\u0159\u00edrodn\u00edm prost\u0159ed\u00ed mezi star\u00fdmi duby vedle tr\u00e9ninkov\u00e9ho jez\u00edrka.<\/p>\n<p><a href=\"https:\/\/www.bohusov.cz\/penzion-pod-duby\/rezervacni-system\/\"><img loading=\"lazy\" class=\"alignnone wp-image-7740\" src=\"https:\/\/www.bohusov.cz\/wp-content\/uploads\/2018\/05\/rezervacni_system_btn.png\" alt=\"\" width=\"139\" height=\"50\" \/><\/a>\u00a0\u00a0 <a href=\"https:\/\/www.bohusov.cz\/penzion-pod-duby\/rezervacni-system\/kalendar-obsazenosti\/\"><img loading=\"lazy\" class=\"alignnone wp-image-7739\" src=\"https:\/\/www.bohusov.cz\/wp-content\/uploads\/2018\/05\/kalendar_obsazenosti_png.png\" alt=\"\" width=\"139\" height=\"50\" \/><\/a><\/p>\n<p>Pokoje k\u00a0dispozici:<\/p>\n<ul>\n<li>1 x t\u0159\u00edl\u016f\u017ekov\u00fd pokoj<\/li>\n<li>3 x \u010dty\u0159l\u016f\u017ekov\u00fd pokoj<\/li>\n<li>1 x \u0161estil\u016f\u017ekov\u00fd pokoj<\/li>\n<\/ul>\n<p>Penzion m\u00e1 vlastn\u00ed kuchyn\u00ed s\u00a0j\u00eddelnou, kterou je mo\u017eno pou\u017e\u00edt tak\u00e9 jako prezenta\u010dn\u00ed m\u00edstnost pro r\u016fzn\u00e1 \u0161kolen\u00ed oslavy a podobn\u00e9 akce. Tato m\u00edstnost je vybaven\u00e1 projektorem a pl\u00e1tnem.<\/p>\n<p>V Penzionu je samostatn\u00e1 relaxa\u010dn\u00ed m\u00edstnost se saunou, mas\u00e1\u017en\u00ed sprchou a dv\u011bma v\u00ed\u0159ivkami.<\/p>\n<p>Ka\u017ed\u00fd pokoj m\u00e1 vlastn\u00ed soci\u00e1ln\u00edm za\u0159\u00edzen\u00ed a bezdr\u00e1tov\u00e9 p\u0159ipojen\u00ed k\u00a0internetu (WIFI).<\/p>\n<p style=\"font-weight: 400\">V\u00a0p\u0159\u00edpad\u011b zru\u0161en\u00ed pobytu v\u00edce ne\u017e jeden m\u011bs\u00edc p\u0159ed n\u00e1stupem je pen\u00e1le 25% z\u00a0celkov\u00e9 \u010d\u00e1stky za pobyt.<\/p>\n<p style=\"font-weight: 400\">V\u00a0p\u0159\u00edpad\u011b zru\u0161en\u00ed pobytu m\u00e9n\u011b ne\u017e 1 m\u011bs\u00edc p\u0159ed n\u00e1stupem je storno poplatek 40% z\u00a0celkov\u00e9 \u010d\u00e1stky za pobyt.<\/p>\n<p><strong>Do penzionu je z\u00e1kaz ubytov\u00e1n\u00ed a vod\u011bn\u00ed ps\u016f.<\/strong><\/p>\n<p>&nbsp;<\/p>\n<p><strong>V bl\u00edzk\u00e9m okol\u00ed penzionu se nach\u00e1z\u00ed:<\/strong><\/p>\n<ul>\n<li>venkovn\u00ed ob\u010derstven\u00ed s\u00a0lavi\u010dkami<\/li>\n<li>stoln\u00ed tennis<\/li>\n<li>stodola (m\u00edstnost pro po\u0159\u00e1d\u00e1n\u00ed spole\u010densk\u00fdch akc\u00ed)<\/li>\n<li>venkovn\u00ed gril<\/li>\n<li>vojensk\u00e1 poln\u00ed kuchyn\u011b<\/li>\n<li>volejbalov\u00e9 h\u0159i\u0161t\u011b<\/li>\n<li>v\u00edce\u00fa\u010delov\u00e9 h\u0159i\u0161t\u011b a tennisov\u00e9 kurty s\u00a0umn\u011bl\u00fdm povrchem<\/li>\n<li>fotbalov\u00e9 h\u0159i\u0161t\u011b<\/li>\n<li>vodn\u00ed plochy ke koup\u00e1n\u00ed<\/li>\n<\/ul>\n","protected":false},"excerpt":{"rendered":"<p>Na za\u010d\u00e1tku rekrea\u010dn\u00edho are\u00e1lu v\u00a0obci Bohu\u0161ov se nach\u00e1z\u00ed Penzion Pod Duby. Je um\u00edst\u011bn v\u00a0kr\u00e1sn\u00e9m p\u0159\u00edrodn\u00edm prost\u0159ed\u00ed mezi star\u00fdmi duby vedle tr\u00e9ninkov\u00e9ho jez\u00edrka. \u00a0\u00a0 Pokoje k\u00a0dispozici: 1 x t\u0159\u00edl\u016f\u017ekov\u00fd pokoj 3 x \u010dty\u0159l\u016f\u017ekov\u00fd pokoj 1 x \u0161estil\u016f\u017ekov\u00fd pokoj Penzion m\u00e1 vlastn\u00ed kuchyn\u00ed s\u00a0j\u00eddelnou, kterou je mo\u017eno pou\u017e\u00edt tak\u00e9 jako prezenta\u010dn\u00ed m\u00edstnost pro r\u016fzn\u00e1 \u0161kolen\u00ed oslavy a [&hellip;]<\/p>\n","protected":false},"author":3,"featured_media":0,"parent":0,"menu_order":0,"comment_status":"closed","ping_status":"closed","template":"","meta":[],"yoast_head":"<!-- This site is optimized with the Yoast SEO plugin v18.3 - https:\/\/yoast.com\/wordpress\/plugins\/seo\/ -->\n<title>Penzion pod Duby - Penzion pod Duby<\/title>\n<meta name=\"robots\" content=\"index, follow, max-snippet:-1, max-image-preview:large, max-video-preview:-1\" \/>\n<link rel=\"canonical\" href=\"https:\/\/www.bohusov.cz\/penzion-pod-duby\/\" \/>\n<meta property=\"og:locale\" content=\"cs_CZ\" \/>\n<meta property=\"og:type\" content=\"article\" \/>\n<meta property=\"og:title\" content=\"Penzion pod Duby - Penzion pod Duby\" \/>\n<meta property=\"og:description\" content=\"Na za\u010d\u00e1tku rekrea\u010dn\u00edho are\u00e1lu v\u00a0obci Bohu\u0161ov se nach\u00e1z\u00ed Penzion Pod Duby. Je um\u00edst\u011bn v\u00a0kr\u00e1sn\u00e9m p\u0159\u00edrodn\u00edm prost\u0159ed\u00ed mezi star\u00fdmi duby vedle tr\u00e9ninkov\u00e9ho jez\u00edrka. \u00a0\u00a0 Pokoje k\u00a0dispozici: 1 x t\u0159\u00edl\u016f\u017ekov\u00fd pokoj 3 x \u010dty\u0159l\u016f\u017ekov\u00fd pokoj 1 x \u0161estil\u016f\u017ekov\u00fd pokoj Penzion m\u00e1 vlastn\u00ed kuchyn\u00ed s\u00a0j\u00eddelnou, kterou je mo\u017eno pou\u017e\u00edt tak\u00e9 jako prezenta\u010dn\u00ed m\u00edstnost pro r\u016fzn\u00e1 \u0161kolen\u00ed oslavy a [&hellip;]\" \/>\n<meta property=\"og:url\" content=\"https:\/\/www.bohusov.cz\/penzion-pod-duby\/\" \/>\n<meta property=\"og:site_name\" content=\"Penzion pod Duby\" \/>\n<meta property=\"article:modified_time\" content=\"2022-08-10T07:36:47+00:00\" \/>\n<meta property=\"og:image\" content=\"https:\/\/www.bohusov.cz\/wp-content\/uploads\/2018\/05\/rezervacni_system_btn.png\" \/>\n<meta name=\"twitter:card\" content=\"summary_large_image\" \/>\n<meta name=\"twitter:label1\" content=\"Odhadovan\u00e1 doba \u010dten\u00ed\" \/>\n\t<meta name=\"twitter:data1\" content=\"1 minuta\" \/>\n<script type=\"application\/ld+json\" class=\"yoast-schema-graph\">{\"@context\":\"https:\/\/schema.org\",\"@graph\":[{\"@type\":\"Organization\",\"@id\":\"https:\/\/www.bohusov.cz\/penzion-pod-duby\/#organization\",\"name\":\"Penzion pod Duby - Obec Bohu\u0161ov\",\"url\":\"https:\/\/www.bohusov.cz\/penzion-pod-duby\/\",\"sameAs\":[],\"logo\":{\"@type\":\"ImageObject\",\"@id\":\"https:\/\/www.bohusov.cz\/penzion-pod-duby\/#logo\",\"inLanguage\":\"cs\",\"url\":\"https:\/\/www.bohusov.cz\/penzion-pod-duby\/wp-content\/uploads\/sites\/6\/2019\/05\/znak2.png\",\"contentUrl\":\"https:\/\/www.bohusov.cz\/penzion-pod-duby\/wp-content\/uploads\/sites\/6\/2019\/05\/znak2.png\",\"width\":175,\"height\":194,\"caption\":\"Penzion pod Duby - Obec Bohu\u0161ov\"},\"image\":{\"@id\":\"https:\/\/www.bohusov.cz\/penzion-pod-duby\/#logo\"}},{\"@type\":\"WebSite\",\"@id\":\"https:\/\/www.bohusov.cz\/penzion-pod-duby\/#website\",\"url\":\"https:\/\/www.bohusov.cz\/penzion-pod-duby\/\",\"name\":\"Penzion pod Duby\",\"description\":\"Rekrea\u010dn\u00ed are\u00e1l - Obec Bohu\u0161ov\",\"publisher\":{\"@id\":\"https:\/\/www.bohusov.cz\/penzion-pod-duby\/#organization\"},\"potentialAction\":[{\"@type\":\"SearchAction\",\"target\":{\"@type\":\"EntryPoint\",\"urlTemplate\":\"https:\/\/www.bohusov.cz\/penzion-pod-duby\/?s={search_term_string}\"},\"query-input\":\"required name=search_term_string\"}],\"inLanguage\":\"cs\"},{\"@type\":\"ImageObject\",\"@id\":\"https:\/\/www.bohusov.cz\/penzion-pod-duby\/#primaryimage\",\"inLanguage\":\"cs\",\"url\":\"https:\/\/www.bohusov.cz\/wp-content\/uploads\/2018\/05\/rezervacni_system_btn.png\",\"contentUrl\":\"https:\/\/www.bohusov.cz\/wp-content\/uploads\/2018\/05\/rezervacni_system_btn.png\"},{\"@type\":\"WebPage\",\"@id\":\"https:\/\/www.bohusov.cz\/penzion-pod-duby\/#webpage\",\"url\":\"https:\/\/www.bohusov.cz\/penzion-pod-duby\/\",\"name\":\"Penzion pod Duby - Penzion pod Duby\",\"isPartOf\":{\"@id\":\"https:\/\/www.bohusov.cz\/penzion-pod-duby\/#website\"},\"primaryImageOfPage\":{\"@id\":\"https:\/\/www.bohusov.cz\/penzion-pod-duby\/#primaryimage\"},\"datePublished\":\"2019-05-03T13:42:48+00:00\",\"dateModified\":\"2022-08-10T07:36:47+00:00\",\"breadcrumb\":{\"@id\":\"https:\/\/www.bohusov.cz\/penzion-pod-duby\/#breadcrumb\"},\"inLanguage\":\"cs\",\"potentialAction\":[{\"@type\":\"ReadAction\",\"target\":[\"https:\/\/www.bohusov.cz\/penzion-pod-duby\/\"]}]},{\"@type\":\"BreadcrumbList\",\"@id\":\"https:\/\/www.bohusov.cz\/penzion-pod-duby\/#breadcrumb\",\"itemListElement\":[{\"@type\":\"ListItem\",\"position\":1,\"name\":\"Dom\u016f\",\"item\":\"https:\/\/www.bohusov.cz\/penzion-pod-duby\/\"},{\"@type\":\"ListItem\",\"position\":2,\"name\":\"Penzion pod Duby\"}]}]}<\/script>\n<!-- \/ Yoast SEO plugin. -->","yoast_head_json":{"title":"Penzion pod Duby - Penzion pod Duby","robots":{"index":"index","follow":"follow","max-snippet":"max-snippet:-1","max-image-preview":"max-image-preview:large","max-video-preview":"max-video-preview:-1"},"canonical":"https:\/\/www.bohusov.cz\/penzion-pod-duby\/","og_locale":"cs_CZ","og_type":"article","og_title":"Penzion pod Duby - Penzion pod Duby","og_description":"Na za\u010d\u00e1tku rekrea\u010dn\u00edho are\u00e1lu v\u00a0obci Bohu\u0161ov se nach\u00e1z\u00ed Penzion Pod Duby. Je um\u00edst\u011bn v\u00a0kr\u00e1sn\u00e9m p\u0159\u00edrodn\u00edm prost\u0159ed\u00ed mezi star\u00fdmi duby vedle tr\u00e9ninkov\u00e9ho jez\u00edrka. \u00a0\u00a0 Pokoje k\u00a0dispozici: 1 x t\u0159\u00edl\u016f\u017ekov\u00fd pokoj 3 x \u010dty\u0159l\u016f\u017ekov\u00fd pokoj 1 x \u0161estil\u016f\u017ekov\u00fd pokoj Penzion m\u00e1 vlastn\u00ed kuchyn\u00ed s\u00a0j\u00eddelnou, kterou je mo\u017eno pou\u017e\u00edt tak\u00e9 jako prezenta\u010dn\u00ed m\u00edstnost pro r\u016fzn\u00e1 \u0161kolen\u00ed oslavy a [&hellip;]","og_url":"https:\/\/www.bohusov.cz\/penzion-pod-duby\/","og_site_name":"Penzion pod Duby","article_modified_time":"2022-08-10T07:36:47+00:00","og_image":[{"url":"https:\/\/www.bohusov.cz\/wp-content\/uploads\/2018\/05\/rezervacni_system_btn.png"}],"twitter_card":"summary_large_image","twitter_misc":{"Odhadovan\u00e1 doba \u010dten\u00ed":"1 minuta"},"schema":{"@context":"https:\/\/schema.org","@graph":[{"@type":"Organization","@id":"https:\/\/www.bohusov.cz\/penzion-pod-duby\/#organization","name":"Penzion pod Duby - Obec Bohu\u0161ov","url":"https:\/\/www.bohusov.cz\/penzion-pod-duby\/","sameAs":[],"logo":{"@type":"ImageObject","@id":"https:\/\/www.bohusov.cz\/penzion-pod-duby\/#logo","inLanguage":"cs","url":"https:\/\/www.bohusov.cz\/penzion-pod-duby\/wp-content\/uploads\/sites\/6\/2019\/05\/znak2.png","contentUrl":"https:\/\/www.bohusov.cz\/penzion-pod-duby\/wp-content\/uploads\/sites\/6\/2019\/05\/znak2.png","width":175,"height":194,"caption":"Penzion pod Duby - Obec Bohu\u0161ov"},"image":{"@id":"https:\/\/www.bohusov.cz\/penzion-pod-duby\/#logo"}},{"@type":"WebSite","@id":"https:\/\/www.bohusov.cz\/penzion-pod-duby\/#website","url":"https:\/\/www.bohusov.cz\/penzion-pod-duby\/","name":"Penzion pod Duby","description":"Rekrea\u010dn\u00ed are\u00e1l - Obec Bohu\u0161ov","publisher":{"@id":"https:\/\/www.bohusov.cz\/penzion-pod-duby\/#organization"},"potentialAction":[{"@type":"SearchAction","target":{"@type":"EntryPoint","urlTemplate":"https:\/\/www.bohusov.cz\/penzion-pod-duby\/?s={search_term_string}"},"query-input":"required name=search_term_string"}],"inLanguage":"cs"},{"@type":"ImageObject","@id":"https:\/\/www.bohusov.cz\/penzion-pod-duby\/#primaryimage","inLanguage":"cs","url":"https:\/\/www.bohusov.cz\/wp-content\/uploads\/2018\/05\/rezervacni_system_btn.png","contentUrl":"https:\/\/www.bohusov.cz\/wp-content\/uploads\/2018\/05\/rezervacni_system_btn.png"},{"@type":"WebPage","@id":"https:\/\/www.bohusov.cz\/penzion-pod-duby\/#webpage","url":"https:\/\/www.bohusov.cz\/penzion-pod-duby\/","name":"Penzion pod Duby - Penzion pod Duby","isPartOf":{"@id":"https:\/\/www.bohusov.cz\/penzion-pod-duby\/#website"},"primaryImageOfPage":{"@id":"https:\/\/www.bohusov.cz\/penzion-pod-duby\/#primaryimage"},"datePublished":"2019-05-03T13:42:48+00:00","dateModified":"2022-08-10T07:36:47+00:00","breadcrumb":{"@id":"https:\/\/www.bohusov.cz\/penzion-pod-duby\/#breadcrumb"},"inLanguage":"cs","potentialAction":[{"@type":"ReadAction","target":["https:\/\/www.bohusov.cz\/penzion-pod-duby\/"]}]},{"@type":"BreadcrumbList","@id":"https:\/\/www.bohusov.cz\/penzion-pod-duby\/#breadcrumb","itemListElement":[{"@type":"ListItem","position":1,"name":"Dom\u016f","item":"https:\/\/www.bohusov.cz\/penzion-pod-duby\/"},{"@type":"ListItem","position":2,"name":"Penzion pod Duby"}]}]}},"acf":[],"_links":{"self":[{"href":"https:\/\/www.bohusov.cz\/penzion-pod-duby\/wp-json\/wp\/v2\/pages\/8948"}],"collection":[{"href":"https:\/\/www.bohusov.cz\/penzion-pod-duby\/wp-json\/wp\/v2\/pages"}],"about":[{"href":"https:\/\/www.bohusov.cz\/penzion-pod-duby\/wp-json\/wp\/v2\/types\/page"}],"author":[{"embeddable":true,"href":"https:\/\/www.bohusov.cz\/penzion-pod-duby\/wp-json\/wp\/v2\/users\/3"}],"replies":[{"embeddable":true,"href":"https:\/\/www.bohusov.cz\/penzion-pod-duby\/wp-json\/wp\/v2\/comments?post=8948"}],"version-history":[{"count":2,"href":"https:\/\/www.bohusov.cz\/penzion-pod-duby\/wp-json\/wp\/v2\/pages\/8948\/revisions"}],"predecessor-version":[{"id":9539,"href":"https:\/\/www.bohusov.cz\/penzion-pod-duby\/wp-json\/wp\/v2\/pages\/8948\/revisions\/9539"}],"wp:attachment":[{"href":"https:\/\/www.bohusov.cz\/penzion-pod-duby\/wp-json\/wp\/v2\/media?parent=8948"}],"curies":[{"name":"wp","href":"https:\/\/api.w.org\/{rel}","templated":true}]}}